{"id":1265,"date":"2024-04-04T10:11:31","date_gmt":"2024-04-04T08:11:31","guid":{"rendered":"https:\/\/cstournesol.fr\/?page_id=1265"},"modified":"2025-06-25T17:52:24","modified_gmt":"2025-06-25T15:52:24","slug":"actualites-2","status":"publish","type":"page","link":"https:\/\/cstournesol.fr\/index.php\/actualites-2\/","title":{"rendered":"Actualit\u00e9s"},"content":{"rendered":"\t\t<div data-elementor-type=\"wp-page\" data-elementor-id=\"1265\" class=\"elementor elementor-1265\">\n\t\t\t\t<div class=\"elementor-element elementor-element-211ea4b e-flex e-con-boxed e-con e-parent\" data-id=\"211ea4b\" data-element_type=\"container\">\n\t\t\t\t\t<div class=\"e-con-inner\">\n\t\t\t\t<div class=\"elementor-element elementor-element-e92c148 elementor-widget elementor-widget-heading\" data-id=\"e92c148\" data-element_type=\"widget\" data-widget_type=\"heading.default\">\n\t\t\t\t<div class=\"elementor-widget-container\">\n\t\t\t<h2 class=\"elementor-heading-title elementor-size-default\">Programme de l'\u00e9t\u00e9<\/h2>\t\t<\/div>\n\t\t\t\t<\/div>\n\t\t<div class=\"elementor-element elementor-element-6a49ea2 e-grid e-con-full e-con e-child\" data-id=\"6a49ea2\" data-element_type=\"container\">\n\t\t\t\t<\/div>\n\t\t\t\t\t<\/div>\n\t\t\t\t<\/div>\n\t\t<div class=\"elementor-element elementor-element-8844ba7 e-grid e-con-boxed e-con e-parent\" data-id=\"8844ba7\" data-element_type=\"container\">\n\t\t\t\t\t<div class=\"e-con-inner\">\n\t\t\t\t<div class=\"elementor-element elementor-element-9b021af elementor-widget elementor-widget-image\" data-id=\"9b021af\" data-element_type=\"widget\" data-widget_type=\"image.default\">\n\t\t\t\t<div class=\"elementor-widget-container\">\n\t\t\t\t\t\t\t\t\t\t\t\t\t<img fetchpriority=\"high\" decoding=\"async\" width=\"669\" height=\"956\" src=\"https:\/\/cstournesol.fr\/wp-content\/uploads\/2025\/06\/1.png\" class=\"attachment-large size-large wp-image-1408\" alt=\"\" srcset=\"https:\/\/cstournesol.fr\/wp-content\/uploads\/2025\/06\/1.png 669w, https:\/\/cstournesol.fr\/wp-content\/uploads\/2025\/06\/1-210x300.png 210w, https:\/\/cstournesol.fr\/wp-content\/uploads\/2025\/06\/1-17x24.png 17w, https:\/\/cstournesol.fr\/wp-content\/uploads\/2025\/06\/1-25x36.png 25w, https:\/\/cstournesol.fr\/wp-content\/uploads\/2025\/06\/1-34x48.png 34w\" sizes=\"(max-width: 669px) 100vw, 669px\" \/>\t\t\t\t\t\t\t\t\t\t\t\t\t<\/div>\n\t\t\t\t<\/div>\n\t\t\t\t<div class=\"elementor-element elementor-element-f3cfc34 elementor-widget elementor-widget-image\" data-id=\"f3cfc34\" data-element_type=\"widget\" data-widget_type=\"image.default\">\n\t\t\t\t<div class=\"elementor-widget-container\">\n\t\t\t\t\t\t\t\t\t\t\t\t\t<img decoding=\"async\" width=\"671\" height=\"955\" src=\"https:\/\/cstournesol.fr\/wp-content\/uploads\/2025\/06\/2.png\" class=\"attachment-large size-large wp-image-1409\" alt=\"\" srcset=\"https:\/\/cstournesol.fr\/wp-content\/uploads\/2025\/06\/2.png 671w, https:\/\/cstournesol.fr\/wp-content\/uploads\/2025\/06\/2-211x300.png 211w, https:\/\/cstournesol.fr\/wp-content\/uploads\/2025\/06\/2-17x24.png 17w, https:\/\/cstournesol.fr\/wp-content\/uploads\/2025\/06\/2-25x36.png 25w, https:\/\/cstournesol.fr\/wp-content\/uploads\/2025\/06\/2-34x48.png 34w\" sizes=\"(max-width: 671px) 100vw, 671px\" \/>\t\t\t\t\t\t\t\t\t\t\t\t\t<\/div>\n\t\t\t\t<\/div>\n\t\t\t\t<div class=\"elementor-element elementor-element-d5f5c87 elementor-widget elementor-widget-image\" data-id=\"d5f5c87\" data-element_type=\"widget\" data-widget_type=\"image.default\">\n\t\t\t\t<div class=\"elementor-widget-container\">\n\t\t\t\t\t\t\t\t\t\t\t\t\t<img decoding=\"async\" width=\"670\" height=\"956\" src=\"https:\/\/cstournesol.fr\/wp-content\/uploads\/2025\/06\/3.png\" class=\"attachment-large size-large wp-image-1410\" alt=\"\" srcset=\"https:\/\/cstournesol.fr\/wp-content\/uploads\/2025\/06\/3.png 670w, https:\/\/cstournesol.fr\/wp-content\/uploads\/2025\/06\/3-210x300.png 210w, https:\/\/cstournesol.fr\/wp-content\/uploads\/2025\/06\/3-17x24.png 17w, https:\/\/cstournesol.fr\/wp-content\/uploads\/2025\/06\/3-25x36.png 25w, https:\/\/cstournesol.fr\/wp-content\/uploads\/2025\/06\/3-34x48.png 34w\" sizes=\"(max-width: 670px) 100vw, 670px\" \/>\t\t\t\t\t\t\t\t\t\t\t\t\t<\/div>\n\t\t\t\t<\/div>\n\t\t\t\t<div class=\"elementor-element elementor-element-9a529b7 elementor-widget elementor-widget-image\" data-id=\"9a529b7\" data-element_type=\"widget\" data-widget_type=\"image.default\">\n\t\t\t\t<div class=\"elementor-widget-container\">\n\t\t\t\t\t\t\t\t\t\t\t\t\t<img loading=\"lazy\" decoding=\"async\" width=\"673\" height=\"953\" src=\"https:\/\/cstournesol.fr\/wp-content\/uploads\/2025\/06\/4.png\" class=\"attachment-large size-large wp-image-1411\" alt=\"\" srcset=\"https:\/\/cstournesol.fr\/wp-content\/uploads\/2025\/06\/4.png 673w, https:\/\/cstournesol.fr\/wp-content\/uploads\/2025\/06\/4-212x300.png 212w, https:\/\/cstournesol.fr\/wp-content\/uploads\/2025\/06\/4-17x24.png 17w, https:\/\/cstournesol.fr\/wp-content\/uploads\/2025\/06\/4-25x36.png 25w, https:\/\/cstournesol.fr\/wp-content\/uploads\/2025\/06\/4-34x48.png 34w\" sizes=\"(max-width: 673px) 100vw, 673px\" \/>\t\t\t\t\t\t\t\t\t\t\t\t\t<\/div>\n\t\t\t\t<\/div>\n\t\t\t\t<div class=\"elementor-element elementor-element-8e8477f elementor-widget elementor-widget-image\" data-id=\"8e8477f\" data-element_type=\"widget\" data-widget_type=\"image.default\">\n\t\t\t\t<div class=\"elementor-widget-container\">\n\t\t\t\t\t\t\t\t\t\t\t\t\t<img loading=\"lazy\" decoding=\"async\" width=\"671\" height=\"955\" src=\"https:\/\/cstournesol.fr\/wp-content\/uploads\/2025\/06\/5.png\" class=\"attachment-large size-large wp-image-1412\" alt=\"\" srcset=\"https:\/\/cstournesol.fr\/wp-content\/uploads\/2025\/06\/5.png 671w, https:\/\/cstournesol.fr\/wp-content\/uploads\/2025\/06\/5-211x300.png 211w, https:\/\/cstournesol.fr\/wp-content\/uploads\/2025\/06\/5-17x24.png 17w, https:\/\/cstournesol.fr\/wp-content\/uploads\/2025\/06\/5-25x36.png 25w, https:\/\/cstournesol.fr\/wp-content\/uploads\/2025\/06\/5-34x48.png 34w\" sizes=\"(max-width: 671px) 100vw, 671px\" \/>\t\t\t\t\t\t\t\t\t\t\t\t\t<\/div>\n\t\t\t\t<\/div>\n\t\t\t\t<div class=\"elementor-element elementor-element-31afec3 elementor-widget elementor-widget-image\" data-id=\"31afec3\" data-element_type=\"widget\" data-widget_type=\"image.default\">\n\t\t\t\t<div class=\"elementor-widget-container\">\n\t\t\t\t\t\t\t\t\t\t\t\t\t<img loading=\"lazy\" decoding=\"async\" width=\"664\" height=\"957\" src=\"https:\/\/cstournesol.fr\/wp-content\/uploads\/2025\/06\/6.png\" class=\"attachment-large size-large wp-image-1413\" alt=\"\" srcset=\"https:\/\/cstournesol.fr\/wp-content\/uploads\/2025\/06\/6.png 664w, https:\/\/cstournesol.fr\/wp-content\/uploads\/2025\/06\/6-208x300.png 208w, https:\/\/cstournesol.fr\/wp-content\/uploads\/2025\/06\/6-17x24.png 17w, https:\/\/cstournesol.fr\/wp-content\/uploads\/2025\/06\/6-25x36.png 25w, https:\/\/cstournesol.fr\/wp-content\/uploads\/2025\/06\/6-33x48.png 33w\" sizes=\"(max-width: 664px) 100vw, 664px\" \/>\t\t\t\t\t\t\t\t\t\t\t\t\t<\/div>\n\t\t\t\t<\/div>\n\t\t\t\t\t<\/div>\n\t\t\t\t<\/div>\n\t\t<div class=\"elementor-element elementor-element-63fb341 e-flex e-con-boxed e-con e-parent\" data-id=\"63fb341\" data-element_type=\"container\">\n\t\t\t\t\t<div class=\"e-con-inner\">\n\t\t\t\t<div class=\"elementor-element elementor-element-f144bdc elementor-widget elementor-widget-heading\" data-id=\"f144bdc\" data-element_type=\"widget\" data-widget_type=\"heading.default\">\n\t\t\t\t<div class=\"elementor-widget-container\">\n\t\t\t<h2 class=\"elementor-heading-title elementor-size-default\">S\u00e9jour Enfance \u00e9t\u00e9 2025<\/h2>\t\t<\/div>\n\t\t\t\t<\/div>\n\t\t<div class=\"elementor-element elementor-element-2257395 e-con-full e-flex e-con e-child\" data-id=\"2257395\" data-element_type=\"container\">\n\t\t\t\t<div class=\"elementor-element elementor-element-8cde0cf elementor-widget elementor-widget-image\" data-id=\"8cde0cf\" data-element_type=\"widget\" data-widget_type=\"image.default\">\n\t\t\t\t<div class=\"elementor-widget-container\">\n\t\t\t\t\t\t\t\t\t\t\t\t\t<img loading=\"lazy\" decoding=\"async\" width=\"724\" height=\"1024\" src=\"https:\/\/cstournesol.fr\/wp-content\/uploads\/2025\/06\/affiche-sejour-enfants-724x1024.png\" class=\"attachment-large size-large wp-image-1415\" alt=\"\" srcset=\"https:\/\/cstournesol.fr\/wp-content\/uploads\/2025\/06\/affiche-sejour-enfants-724x1024.png 724w, https:\/\/cstournesol.fr\/wp-content\/uploads\/2025\/06\/affiche-sejour-enfants-212x300.png 212w, https:\/\/cstournesol.fr\/wp-content\/uploads\/2025\/06\/affiche-sejour-enfants-768x1086.png 768w, https:\/\/cstournesol.fr\/wp-content\/uploads\/2025\/06\/affiche-sejour-enfants-1086x1536.png 1086w, https:\/\/cstournesol.fr\/wp-content\/uploads\/2025\/06\/affiche-sejour-enfants-17x24.png 17w, https:\/\/cstournesol.fr\/wp-content\/uploads\/2025\/06\/affiche-sejour-enfants-25x36.png 25w, https:\/\/cstournesol.fr\/wp-content\/uploads\/2025\/06\/affiche-sejour-enfants-34x48.png 34w, https:\/\/cstournesol.fr\/wp-content\/uploads\/2025\/06\/affiche-sejour-enfants.png 1414w\" sizes=\"(max-width: 724px) 100vw, 724px\" \/>\t\t\t\t\t\t\t\t\t\t\t\t\t<\/div>\n\t\t\t\t<\/div>\n\t\t\t\t<\/div>\n\t\t\t\t\t<\/div>\n\t\t\t\t<\/div>\n\t\t\t\t<\/div>\n\t\t","protected":false},"excerpt":{"rendered":"<p>Programme de l&rsquo;\u00e9t\u00e9 S\u00e9jour Enfance \u00e9t\u00e9 2025<\/p>\n","protected":false},"author":1,"featured_media":0,"parent":0,"menu_order":0,"comment_status":"closed","ping_status":"closed","template":"page-templates\/template-pagebuilder-full-width.php","meta":{"neve_meta_sidebar":"","neve_meta_container":"","neve_meta_enable_content_width":"","neve_meta_content_width":0,"neve_meta_title_alignment":"","neve_meta_author_avatar":"","neve_post_elements_order":"","neve_meta_disable_header":"","neve_meta_disable_footer":"","neve_meta_disable_title":"","footnotes":""},"class_list":["post-1265","page","type-page","status-publish","hentry"],"yoast_head":"<!-- This site is optimized with the Yoast SEO plugin v23.4 - https:\/\/yoast.com\/wordpress\/plugins\/seo\/ -->\n<title>Actualit\u00e9s - Association Tournesol<\/title>\n<meta name=\"robots\" content=\"index, follow, max-snippet:-1, max-image-preview:large, max-video-preview:-1\" \/>\n<link rel=\"canonical\" href=\"https:\/\/cstournesol.fr\/index.php\/actualites-2\/\" \/>\n<meta property=\"og:locale\" content=\"fr_FR\" \/>\n<meta property=\"og:type\" content=\"article\" \/>\n<meta property=\"og:title\" content=\"Actualit\u00e9s - Association Tournesol\" \/>\n<meta property=\"og:description\" content=\"Programme de l&rsquo;\u00e9t\u00e9 S\u00e9jour Enfance \u00e9t\u00e9 2025\" \/>\n<meta property=\"og:url\" content=\"https:\/\/cstournesol.fr\/index.php\/actualites-2\/\" \/>\n<meta property=\"og:site_name\" content=\"Association Tournesol\" \/>\n<meta property=\"article:publisher\" content=\"https:\/\/www.facebook.com\/csduburck\" \/>\n<meta property=\"article:modified_time\" content=\"2025-06-25T15:52:24+00:00\" \/>\n<meta property=\"og:image\" content=\"https:\/\/cstournesol.fr\/wp-content\/uploads\/2025\/06\/1.png\" \/>\n<meta name=\"twitter:card\" content=\"summary_large_image\" \/>\n<meta name=\"twitter:label1\" content=\"Dur\u00e9e de lecture estim\u00e9e\" \/>\n\t<meta name=\"twitter:data1\" content=\"2 minutes\" \/>\n<script type=\"application\/ld+json\" class=\"yoast-schema-graph\">{\"@context\":\"https:\/\/schema.org\",\"@graph\":[{\"@type\":\"WebPage\",\"@id\":\"https:\/\/cstournesol.fr\/index.php\/actualites-2\/\",\"url\":\"https:\/\/cstournesol.fr\/index.php\/actualites-2\/\",\"name\":\"Actualit\u00e9s - Association Tournesol\",\"isPartOf\":{\"@id\":\"https:\/\/cstournesol.fr\/#website\"},\"primaryImageOfPage\":{\"@id\":\"https:\/\/cstournesol.fr\/index.php\/actualites-2\/#primaryimage\"},\"image\":{\"@id\":\"https:\/\/cstournesol.fr\/index.php\/actualites-2\/#primaryimage\"},\"thumbnailUrl\":\"https:\/\/cstournesol.fr\/wp-content\/uploads\/2025\/06\/1.png\",\"datePublished\":\"2024-04-04T08:11:31+00:00\",\"dateModified\":\"2025-06-25T15:52:24+00:00\",\"breadcrumb\":{\"@id\":\"https:\/\/cstournesol.fr\/index.php\/actualites-2\/#breadcrumb\"},\"inLanguage\":\"fr-FR\",\"potentialAction\":[{\"@type\":\"ReadAction\",\"target\":[\"https:\/\/cstournesol.fr\/index.php\/actualites-2\/\"]}]},{\"@type\":\"ImageObject\",\"inLanguage\":\"fr-FR\",\"@id\":\"https:\/\/cstournesol.fr\/index.php\/actualites-2\/#primaryimage\",\"url\":\"https:\/\/cstournesol.fr\/wp-content\/uploads\/2025\/06\/1.png\",\"contentUrl\":\"https:\/\/cstournesol.fr\/wp-content\/uploads\/2025\/06\/1.png\",\"width\":669,\"height\":956},{\"@type\":\"BreadcrumbList\",\"@id\":\"https:\/\/cstournesol.fr\/index.php\/actualites-2\/#breadcrumb\",\"itemListElement\":[{\"@type\":\"ListItem\",\"position\":1,\"name\":\"Accueil\",\"item\":\"https:\/\/cstournesol.fr\/\"},{\"@type\":\"ListItem\",\"position\":2,\"name\":\"Actualit\u00e9s\"}]},{\"@type\":\"WebSite\",\"@id\":\"https:\/\/cstournesol.fr\/#website\",\"url\":\"https:\/\/cstournesol.fr\/\",\"name\":\"Association Tournesol\",\"description\":\"\",\"publisher\":{\"@id\":\"https:\/\/cstournesol.fr\/#organization\"},\"potentialAction\":[{\"@type\":\"SearchAction\",\"target\":{\"@type\":\"EntryPoint\",\"urlTemplate\":\"https:\/\/cstournesol.fr\/?s={search_term_string}\"},\"query-input\":{\"@type\":\"PropertyValueSpecification\",\"valueRequired\":true,\"valueName\":\"search_term_string\"}}],\"inLanguage\":\"fr-FR\"},{\"@type\":\"Organization\",\"@id\":\"https:\/\/cstournesol.fr\/#organization\",\"name\":\"Association Tournesol\",\"url\":\"https:\/\/cstournesol.fr\/\",\"logo\":{\"@type\":\"ImageObject\",\"inLanguage\":\"fr-FR\",\"@id\":\"https:\/\/cstournesol.fr\/#\/schema\/logo\/image\/\",\"url\":\"https:\/\/cstournesol.fr\/wp-content\/uploads\/2023\/08\/LOGO-AssocTournesol2017RVB-Couleur-03.jpg\",\"contentUrl\":\"https:\/\/cstournesol.fr\/wp-content\/uploads\/2023\/08\/LOGO-AssocTournesol2017RVB-Couleur-03.jpg\",\"width\":426,\"height\":341,\"caption\":\"Association Tournesol\"},\"image\":{\"@id\":\"https:\/\/cstournesol.fr\/#\/schema\/logo\/image\/\"},\"sameAs\":[\"https:\/\/www.facebook.com\/csduburck\"]}]}<\/script>\n<!-- \/ Yoast SEO plugin. -->","yoast_head_json":{"title":"Actualit\u00e9s - Association Tournesol","robots":{"index":"index","follow":"follow","max-snippet":"max-snippet:-1","max-image-preview":"max-image-preview:large","max-video-preview":"max-video-preview:-1"},"canonical":"https:\/\/cstournesol.fr\/index.php\/actualites-2\/","og_locale":"fr_FR","og_type":"article","og_title":"Actualit\u00e9s - Association Tournesol","og_description":"Programme de l&rsquo;\u00e9t\u00e9 S\u00e9jour Enfance \u00e9t\u00e9 2025","og_url":"https:\/\/cstournesol.fr\/index.php\/actualites-2\/","og_site_name":"Association Tournesol","article_publisher":"https:\/\/www.facebook.com\/csduburck","article_modified_time":"2025-06-25T15:52:24+00:00","og_image":[{"url":"https:\/\/cstournesol.fr\/wp-content\/uploads\/2025\/06\/1.png"}],"twitter_card":"summary_large_image","twitter_misc":{"Dur\u00e9e de lecture estim\u00e9e":"2 minutes"},"schema":{"@context":"https:\/\/schema.org","@graph":[{"@type":"WebPage","@id":"https:\/\/cstournesol.fr\/index.php\/actualites-2\/","url":"https:\/\/cstournesol.fr\/index.php\/actualites-2\/","name":"Actualit\u00e9s - Association Tournesol","isPartOf":{"@id":"https:\/\/cstournesol.fr\/#website"},"primaryImageOfPage":{"@id":"https:\/\/cstournesol.fr\/index.php\/actualites-2\/#primaryimage"},"image":{"@id":"https:\/\/cstournesol.fr\/index.php\/actualites-2\/#primaryimage"},"thumbnailUrl":"https:\/\/cstournesol.fr\/wp-content\/uploads\/2025\/06\/1.png","datePublished":"2024-04-04T08:11:31+00:00","dateModified":"2025-06-25T15:52:24+00:00","breadcrumb":{"@id":"https:\/\/cstournesol.fr\/index.php\/actualites-2\/#breadcrumb"},"inLanguage":"fr-FR","potentialAction":[{"@type":"ReadAction","target":["https:\/\/cstournesol.fr\/index.php\/actualites-2\/"]}]},{"@type":"ImageObject","inLanguage":"fr-FR","@id":"https:\/\/cstournesol.fr\/index.php\/actualites-2\/#primaryimage","url":"https:\/\/cstournesol.fr\/wp-content\/uploads\/2025\/06\/1.png","contentUrl":"https:\/\/cstournesol.fr\/wp-content\/uploads\/2025\/06\/1.png","width":669,"height":956},{"@type":"BreadcrumbList","@id":"https:\/\/cstournesol.fr\/index.php\/actualites-2\/#breadcrumb","itemListElement":[{"@type":"ListItem","position":1,"name":"Accueil","item":"https:\/\/cstournesol.fr\/"},{"@type":"ListItem","position":2,"name":"Actualit\u00e9s"}]},{"@type":"WebSite","@id":"https:\/\/cstournesol.fr\/#website","url":"https:\/\/cstournesol.fr\/","name":"Association Tournesol","description":"","publisher":{"@id":"https:\/\/cstournesol.fr\/#organization"},"potentialAction":[{"@type":"SearchAction","target":{"@type":"EntryPoint","urlTemplate":"https:\/\/cstournesol.fr\/?s={search_term_string}"},"query-input":{"@type":"PropertyValueSpecification","valueRequired":true,"valueName":"search_term_string"}}],"inLanguage":"fr-FR"},{"@type":"Organization","@id":"https:\/\/cstournesol.fr\/#organization","name":"Association Tournesol","url":"https:\/\/cstournesol.fr\/","logo":{"@type":"ImageObject","inLanguage":"fr-FR","@id":"https:\/\/cstournesol.fr\/#\/schema\/logo\/image\/","url":"https:\/\/cstournesol.fr\/wp-content\/uploads\/2023\/08\/LOGO-AssocTournesol2017RVB-Couleur-03.jpg","contentUrl":"https:\/\/cstournesol.fr\/wp-content\/uploads\/2023\/08\/LOGO-AssocTournesol2017RVB-Couleur-03.jpg","width":426,"height":341,"caption":"Association Tournesol"},"image":{"@id":"https:\/\/cstournesol.fr\/#\/schema\/logo\/image\/"},"sameAs":["https:\/\/www.facebook.com\/csduburck"]}]}},"_links":{"self":[{"href":"https:\/\/cstournesol.fr\/index.php\/wp-json\/wp\/v2\/pages\/1265","targetHints":{"allow":["GET"]}}],"collection":[{"href":"https:\/\/cstournesol.fr\/index.php\/wp-json\/wp\/v2\/pages"}],"about":[{"href":"https:\/\/cstournesol.fr\/index.php\/wp-json\/wp\/v2\/types\/page"}],"author":[{"embeddable":true,"href":"https:\/\/cstournesol.fr\/index.php\/wp-json\/wp\/v2\/users\/1"}],"replies":[{"embeddable":true,"href":"https:\/\/cstournesol.fr\/index.php\/wp-json\/wp\/v2\/comments?post=1265"}],"version-history":[{"count":17,"href":"https:\/\/cstournesol.fr\/index.php\/wp-json\/wp\/v2\/pages\/1265\/revisions"}],"predecessor-version":[{"id":1418,"href":"https:\/\/cstournesol.fr\/index.php\/wp-json\/wp\/v2\/pages\/1265\/revisions\/1418"}],"wp:attachment":[{"href":"https:\/\/cstournesol.fr\/index.php\/wp-json\/wp\/v2\/media?parent=1265"}],"curies":[{"name":"wp","href":"https:\/\/api.w.org\/{rel}","templated":true}]}}