{"id":927,"date":"2023-08-09T13:23:20","date_gmt":"2023-08-09T11:23:20","guid":{"rendered":"https:\/\/cstournesol.fr\/?page_id=927"},"modified":"2023-08-09T14:31:14","modified_gmt":"2023-08-09T12:31:14","slug":"mentions-legales-2","status":"publish","type":"page","link":"https:\/\/cstournesol.fr\/index.php\/mentions-legales-2\/","title":{"rendered":"Mentions L\u00e9gales"},"content":{"rendered":"\t\t<div data-elementor-type=\"wp-page\" data-elementor-id=\"927\" class=\"elementor elementor-927\">\n\t\t\t\t<div class=\"elementor-element elementor-element-65f1794 e-flex e-con-boxed e-con e-parent\" data-id=\"65f1794\" data-element_type=\"container\">\n\t\t\t\t\t<div class=\"e-con-inner\">\n\t\t\t\t<div class=\"elementor-element elementor-element-8f9100e elementor-widget elementor-widget-heading\" data-id=\"8f9100e\" data-element_type=\"widget\" data-widget_type=\"heading.default\">\n\t\t\t\t<div class=\"elementor-widget-container\">\n\t\t\t<h2 class=\"elementor-heading-title elementor-size-default\">Mentions L\u00e9gales<\/h2>\t\t<\/div>\n\t\t\t\t<\/div>\n\t\t\t\t\t<\/div>\n\t\t\t\t<\/div>\n\t\t<div class=\"elementor-element elementor-element-5dc72c1 e-flex e-con-boxed e-con e-parent\" data-id=\"5dc72c1\" data-element_type=\"container\">\n\t\t\t\t\t<div class=\"e-con-inner\">\n\t\t\t\t<div class=\"elementor-element elementor-element-2aa61f2 elementor-widget__width-initial elementor-widget elementor-widget-text-editor\" data-id=\"2aa61f2\" data-element_type=\"widget\" data-widget_type=\"text-editor.default\">\n\t\t\t\t<div class=\"elementor-widget-container\">\n\t\t\t\t\t\t\t<p><strong>\u00c9diteur du site : <\/strong><strong>Association Tournesol<\/strong><\/p><p>14 bis avenue Robert Schumann<br \/>Ch\u00e2teau du Burck<br \/>Rue Mar\u00e9chal Foch<br \/>33700 M\u00e9rignac<\/p><p><strong>Contact :\u00a0 <\/strong><\/p><p>E-mail :\u00a0accueil@cstournesol.fr<br \/>T\u00e9l\u00e9phone : 05 56 45 18 07<\/p><p>Directeur de la publication :<br \/>Nom du directeur de l&rsquo;association<\/p><p><strong>Le webmaster : <\/strong>Steeve PATUROT\u00a0<\/p><p><strong>H\u00e9bergeur du site :<\/strong> OVH<br \/><strong>Adresse :<\/strong> 2 rue Kellermann 59100 Roubaix, inscrite au<br \/>RCS de Roubaix au num\u00e9ro B424 761 419<br \/><strong>Num\u00e9ro de t\u00e9l\u00e9phone :<\/strong> 08 203 203 63<\/p><p>www.ovh.com<\/p><p>http:\/\/ovh.com\/fr\/contact\/support\/<\/p>\t\t\t\t\t\t<\/div>\n\t\t\t\t<\/div>\n\t\t\t\t\t<\/div>\n\t\t\t\t<\/div>\n\t\t<div class=\"elementor-element elementor-element-bfb7e17 e-flex e-con-boxed e-con e-parent\" data-id=\"bfb7e17\" data-element_type=\"container\">\n\t\t\t\t\t<div class=\"e-con-inner\">\n\t\t\t\t<div class=\"elementor-element elementor-element-b5b9bc9 elementor-widget elementor-widget-text-editor\" data-id=\"b5b9bc9\" data-element_type=\"widget\" data-widget_type=\"text-editor.default\">\n\t\t\t\t<div class=\"elementor-widget-container\">\n\t\t\t\t\t\t\t<h2 class=\"wp-block-heading\">PROPRI\u00c9T\u00c9 INTELLECTUELLE<\/h2><p><br \/>Le contenu du site cstournesol.fr (textes, images, vid\u00e9os, etc.) est prot\u00e9g\u00e9 par le droit d&rsquo;auteur et autres droits de propri\u00e9t\u00e9 intellectuelle. Toute reproduction, distribution, modification ou exploitation de tout ou partie du contenu du site sans autorisation pr\u00e9alable \u00e9crite de l&rsquo;Association Tournesol est strictement interdite.<\/p>\t\t\t\t\t\t<\/div>\n\t\t\t\t<\/div>\n\t\t\t\t\t<\/div>\n\t\t\t\t<\/div>\n\t\t<div class=\"elementor-element elementor-element-93eda21 e-flex e-con-boxed e-con e-parent\" data-id=\"93eda21\" data-element_type=\"container\">\n\t\t\t\t\t<div class=\"e-con-inner\">\n\t\t\t\t<div class=\"elementor-element elementor-element-2439226 elementor-widget elementor-widget-text-editor\" data-id=\"2439226\" data-element_type=\"widget\" data-widget_type=\"text-editor.default\">\n\t\t\t\t<div class=\"elementor-widget-container\">\n\t\t\t\t\t\t\t<h2 class=\"wp-block-heading\">LIENS EXTERNES<\/h2><p>Le site peut contenir des liens vers d&rsquo;autres sites internet. L&rsquo;Association Tournesol n&rsquo;est pas responsable du contenu de ces sites et d\u00e9cline toute responsabilit\u00e9 quant aux informations, produits ou services qui y sont propos\u00e9s.<\/p>\t\t\t\t\t\t<\/div>\n\t\t\t\t<\/div>\n\t\t\t\t\t<\/div>\n\t\t\t\t<\/div>\n\t\t<div class=\"elementor-element elementor-element-3b672d5 e-flex e-con-boxed e-con e-parent\" data-id=\"3b672d5\" data-element_type=\"container\">\n\t\t\t\t\t<div class=\"e-con-inner\">\n\t\t\t\t\t<\/div>\n\t\t\t\t<\/div>\n\t\t<div class=\"elementor-element elementor-element-9ce2b12 e-flex e-con-boxed e-con e-parent\" data-id=\"9ce2b12\" data-element_type=\"container\">\n\t\t\t\t\t<div class=\"e-con-inner\">\n\t\t\t\t<div class=\"elementor-element elementor-element-9f87ae2 elementor-widget elementor-widget-text-editor\" data-id=\"9f87ae2\" data-element_type=\"widget\" data-widget_type=\"text-editor.default\">\n\t\t\t\t<div class=\"elementor-widget-container\">\n\t\t\t\t\t\t\t<h2 class=\"wp-block-heading\">PROTECTION DES DONN\u00c9ES PERSONNELLES :<\/h2><p>L&rsquo;Association Tournesol s&rsquo;engage \u00e0 respecter la confidentialit\u00e9 des donn\u00e9es personnelles collect\u00e9es sur le site. Les donn\u00e9es collect\u00e9es ne seront pas vendues, \u00e9chang\u00e9es ou lou\u00e9es \u00e0 des tiers. Conform\u00e9ment \u00e0 la l\u00e9gislation en vigueur, vous disposez d&rsquo;un droit d&rsquo;acc\u00e8s, de rectification et de suppression des donn\u00e9es vous concernant.<\/p>\t\t\t\t\t\t<\/div>\n\t\t\t\t<\/div>\n\t\t\t\t\t<\/div>\n\t\t\t\t<\/div>\n\t\t<div class=\"elementor-element elementor-element-84620ce e-flex e-con-boxed e-con e-parent\" data-id=\"84620ce\" data-element_type=\"container\">\n\t\t\t\t\t<div class=\"e-con-inner\">\n\t\t\t\t<div class=\"elementor-element elementor-element-890f149 elementor-widget elementor-widget-text-editor\" data-id=\"890f149\" data-element_type=\"widget\" data-widget_type=\"text-editor.default\">\n\t\t\t\t<div class=\"elementor-widget-container\">\n\t\t\t\t\t\t\t<h2 class=\"wp-block-heading\">COOKIES :<\/h2><p>Le site peut utiliser des cookies pour am\u00e9liorer l&rsquo;exp\u00e9rience utilisateur. Vous pouvez configurer votre navigateur pour refuser l&rsquo;installation des cookies.<\/p>\t\t\t\t\t\t<\/div>\n\t\t\t\t<\/div>\n\t\t\t\t\t<\/div>\n\t\t\t\t<\/div>\n\t\t\t\t<\/div>\n\t\t","protected":false},"excerpt":{"rendered":"<p>Mentions L\u00e9gales \u00c9diteur du site : Association Tournesol 14 bis avenue Robert SchumannCh\u00e2teau du BurckRue Mar\u00e9chal Foch33700 M\u00e9rignac Contact :\u00a0 E-mail :\u00a0accueil@cstournesol.frT\u00e9l\u00e9phone : 05 56 45 18 07 Directeur de la publication :Nom du directeur de l&rsquo;association Le webmaster : Steeve PATUROT\u00a0 H\u00e9bergeur du site : OVHAdresse : 2 rue Kellermann 59100 Roubaix, inscrite auRCS&hellip;&nbsp;<a href=\"https:\/\/cstournesol.fr\/index.php\/mentions-legales-2\/\" class=\"\" rel=\"bookmark\">Lire la suite &raquo;<span class=\"screen-reader-text\">Mentions L\u00e9gales<\/span><\/a><\/p>\n","protected":false},"author":1,"featured_media":0,"parent":0,"menu_order":0,"comment_status":"closed","ping_status":"closed","template":"page-templates\/template-pagebuilder-full-width.php","meta":{"neve_meta_sidebar":"","neve_meta_container":"","neve_meta_enable_content_width":"","neve_meta_content_width":0,"neve_meta_title_alignment":"","neve_meta_author_avatar":"","neve_post_elements_order":"","neve_meta_disable_header":"","neve_meta_disable_footer":"","neve_meta_disable_title":"","footnotes":""},"class_list":["post-927","page","type-page","status-publish","hentry"],"yoast_head":"<!-- This site is optimized with the Yoast SEO plugin v23.4 - https:\/\/yoast.com\/wordpress\/plugins\/seo\/ -->\n<title>Mentions L\u00e9gales - Association Tournesol<\/title>\n<meta name=\"robots\" content=\"index, follow, max-snippet:-1, max-image-preview:large, max-video-preview:-1\" \/>\n<link rel=\"canonical\" href=\"https:\/\/cstournesol.fr\/index.php\/mentions-legales-2\/\" \/>\n<meta property=\"og:locale\" content=\"fr_FR\" \/>\n<meta property=\"og:type\" content=\"article\" \/>\n<meta property=\"og:title\" content=\"Mentions L\u00e9gales - Association Tournesol\" \/>\n<meta property=\"og:description\" content=\"Mentions L\u00e9gales \u00c9diteur du site : Association Tournesol 14 bis avenue Robert SchumannCh\u00e2teau du BurckRue Mar\u00e9chal Foch33700 M\u00e9rignac Contact :\u00a0 E-mail :\u00a0accueil@cstournesol.frT\u00e9l\u00e9phone : 05 56 45 18 07 Directeur de la publication :Nom du directeur de l&rsquo;association Le webmaster : Steeve PATUROT\u00a0 H\u00e9bergeur du site : OVHAdresse : 2 rue Kellermann 59100 Roubaix, inscrite auRCS&hellip;&nbsp;Lire la suite &raquo;Mentions L\u00e9gales\" \/>\n<meta property=\"og:url\" content=\"https:\/\/cstournesol.fr\/index.php\/mentions-legales-2\/\" \/>\n<meta property=\"og:site_name\" content=\"Association Tournesol\" \/>\n<meta property=\"article:publisher\" content=\"https:\/\/www.facebook.com\/csduburck\" \/>\n<meta property=\"article:modified_time\" content=\"2023-08-09T12:31:14+00:00\" \/>\n<meta name=\"twitter:card\" content=\"summary_large_image\" \/>\n<meta name=\"twitter:label1\" content=\"Dur\u00e9e de lecture estim\u00e9e\" \/>\n\t<meta name=\"twitter:data1\" content=\"2 minutes\" \/>\n<script type=\"application\/ld+json\" class=\"yoast-schema-graph\">{\"@context\":\"https:\/\/schema.org\",\"@graph\":[{\"@type\":\"WebPage\",\"@id\":\"https:\/\/cstournesol.fr\/index.php\/mentions-legales-2\/\",\"url\":\"https:\/\/cstournesol.fr\/index.php\/mentions-legales-2\/\",\"name\":\"Mentions L\u00e9gales - Association Tournesol\",\"isPartOf\":{\"@id\":\"https:\/\/cstournesol.fr\/#website\"},\"datePublished\":\"2023-08-09T11:23:20+00:00\",\"dateModified\":\"2023-08-09T12:31:14+00:00\",\"breadcrumb\":{\"@id\":\"https:\/\/cstournesol.fr\/index.php\/mentions-legales-2\/#breadcrumb\"},\"inLanguage\":\"fr-FR\",\"potentialAction\":[{\"@type\":\"ReadAction\",\"target\":[\"https:\/\/cstournesol.fr\/index.php\/mentions-legales-2\/\"]}]},{\"@type\":\"BreadcrumbList\",\"@id\":\"https:\/\/cstournesol.fr\/index.php\/mentions-legales-2\/#breadcrumb\",\"itemListElement\":[{\"@type\":\"ListItem\",\"position\":1,\"name\":\"Accueil\",\"item\":\"https:\/\/cstournesol.fr\/\"},{\"@type\":\"ListItem\",\"position\":2,\"name\":\"Mentions L\u00e9gales\"}]},{\"@type\":\"WebSite\",\"@id\":\"https:\/\/cstournesol.fr\/#website\",\"url\":\"https:\/\/cstournesol.fr\/\",\"name\":\"Association Tournesol\",\"description\":\"\",\"publisher\":{\"@id\":\"https:\/\/cstournesol.fr\/#organization\"},\"potentialAction\":[{\"@type\":\"SearchAction\",\"target\":{\"@type\":\"EntryPoint\",\"urlTemplate\":\"https:\/\/cstournesol.fr\/?s={search_term_string}\"},\"query-input\":{\"@type\":\"PropertyValueSpecification\",\"valueRequired\":true,\"valueName\":\"search_term_string\"}}],\"inLanguage\":\"fr-FR\"},{\"@type\":\"Organization\",\"@id\":\"https:\/\/cstournesol.fr\/#organization\",\"name\":\"Association Tournesol\",\"url\":\"https:\/\/cstournesol.fr\/\",\"logo\":{\"@type\":\"ImageObject\",\"inLanguage\":\"fr-FR\",\"@id\":\"https:\/\/cstournesol.fr\/#\/schema\/logo\/image\/\",\"url\":\"https:\/\/cstournesol.fr\/wp-content\/uploads\/2023\/08\/LOGO-AssocTournesol2017RVB-Couleur-03.jpg\",\"contentUrl\":\"https:\/\/cstournesol.fr\/wp-content\/uploads\/2023\/08\/LOGO-AssocTournesol2017RVB-Couleur-03.jpg\",\"width\":426,\"height\":341,\"caption\":\"Association Tournesol\"},\"image\":{\"@id\":\"https:\/\/cstournesol.fr\/#\/schema\/logo\/image\/\"},\"sameAs\":[\"https:\/\/www.facebook.com\/csduburck\"]}]}<\/script>\n<!-- \/ Yoast SEO plugin. -->","yoast_head_json":{"title":"Mentions L\u00e9gales - Association Tournesol","robots":{"index":"index","follow":"follow","max-snippet":"max-snippet:-1","max-image-preview":"max-image-preview:large","max-video-preview":"max-video-preview:-1"},"canonical":"https:\/\/cstournesol.fr\/index.php\/mentions-legales-2\/","og_locale":"fr_FR","og_type":"article","og_title":"Mentions L\u00e9gales - Association Tournesol","og_description":"Mentions L\u00e9gales \u00c9diteur du site : Association Tournesol 14 bis avenue Robert SchumannCh\u00e2teau du BurckRue Mar\u00e9chal Foch33700 M\u00e9rignac Contact :\u00a0 E-mail :\u00a0accueil@cstournesol.frT\u00e9l\u00e9phone : 05 56 45 18 07 Directeur de la publication :Nom du directeur de l&rsquo;association Le webmaster : Steeve PATUROT\u00a0 H\u00e9bergeur du site : OVHAdresse : 2 rue Kellermann 59100 Roubaix, inscrite auRCS&hellip;&nbsp;Lire la suite &raquo;Mentions L\u00e9gales","og_url":"https:\/\/cstournesol.fr\/index.php\/mentions-legales-2\/","og_site_name":"Association Tournesol","article_publisher":"https:\/\/www.facebook.com\/csduburck","article_modified_time":"2023-08-09T12:31:14+00:00","twitter_card":"summary_large_image","twitter_misc":{"Dur\u00e9e de lecture estim\u00e9e":"2 minutes"},"schema":{"@context":"https:\/\/schema.org","@graph":[{"@type":"WebPage","@id":"https:\/\/cstournesol.fr\/index.php\/mentions-legales-2\/","url":"https:\/\/cstournesol.fr\/index.php\/mentions-legales-2\/","name":"Mentions L\u00e9gales - Association Tournesol","isPartOf":{"@id":"https:\/\/cstournesol.fr\/#website"},"datePublished":"2023-08-09T11:23:20+00:00","dateModified":"2023-08-09T12:31:14+00:00","breadcrumb":{"@id":"https:\/\/cstournesol.fr\/index.php\/mentions-legales-2\/#breadcrumb"},"inLanguage":"fr-FR","potentialAction":[{"@type":"ReadAction","target":["https:\/\/cstournesol.fr\/index.php\/mentions-legales-2\/"]}]},{"@type":"BreadcrumbList","@id":"https:\/\/cstournesol.fr\/index.php\/mentions-legales-2\/#breadcrumb","itemListElement":[{"@type":"ListItem","position":1,"name":"Accueil","item":"https:\/\/cstournesol.fr\/"},{"@type":"ListItem","position":2,"name":"Mentions L\u00e9gales"}]},{"@type":"WebSite","@id":"https:\/\/cstournesol.fr\/#website","url":"https:\/\/cstournesol.fr\/","name":"Association Tournesol","description":"","publisher":{"@id":"https:\/\/cstournesol.fr\/#organization"},"potentialAction":[{"@type":"SearchAction","target":{"@type":"EntryPoint","urlTemplate":"https:\/\/cstournesol.fr\/?s={search_term_string}"},"query-input":{"@type":"PropertyValueSpecification","valueRequired":true,"valueName":"search_term_string"}}],"inLanguage":"fr-FR"},{"@type":"Organization","@id":"https:\/\/cstournesol.fr\/#organization","name":"Association Tournesol","url":"https:\/\/cstournesol.fr\/","logo":{"@type":"ImageObject","inLanguage":"fr-FR","@id":"https:\/\/cstournesol.fr\/#\/schema\/logo\/image\/","url":"https:\/\/cstournesol.fr\/wp-content\/uploads\/2023\/08\/LOGO-AssocTournesol2017RVB-Couleur-03.jpg","contentUrl":"https:\/\/cstournesol.fr\/wp-content\/uploads\/2023\/08\/LOGO-AssocTournesol2017RVB-Couleur-03.jpg","width":426,"height":341,"caption":"Association Tournesol"},"image":{"@id":"https:\/\/cstournesol.fr\/#\/schema\/logo\/image\/"},"sameAs":["https:\/\/www.facebook.com\/csduburck"]}]}},"_links":{"self":[{"href":"https:\/\/cstournesol.fr\/index.php\/wp-json\/wp\/v2\/pages\/927","targetHints":{"allow":["GET"]}}],"collection":[{"href":"https:\/\/cstournesol.fr\/index.php\/wp-json\/wp\/v2\/pages"}],"about":[{"href":"https:\/\/cstournesol.fr\/index.php\/wp-json\/wp\/v2\/types\/page"}],"author":[{"embeddable":true,"href":"https:\/\/cstournesol.fr\/index.php\/wp-json\/wp\/v2\/users\/1"}],"replies":[{"embeddable":true,"href":"https:\/\/cstournesol.fr\/index.php\/wp-json\/wp\/v2\/comments?post=927"}],"version-history":[{"count":22,"href":"https:\/\/cstournesol.fr\/index.php\/wp-json\/wp\/v2\/pages\/927\/revisions"}],"predecessor-version":[{"id":958,"href":"https:\/\/cstournesol.fr\/index.php\/wp-json\/wp\/v2\/pages\/927\/revisions\/958"}],"wp:attachment":[{"href":"https:\/\/cstournesol.fr\/index.php\/wp-json\/wp\/v2\/media?parent=927"}],"curies":[{"name":"wp","href":"https:\/\/api.w.org\/{rel}","templated":true}]}}